{"id":590,"date":"2019-05-29T21:20:14","date_gmt":"2019-05-29T21:20:14","guid":{"rendered":"https:\/\/melvargascreative.com\/?page_id=590"},"modified":"2019-05-29T22:27:49","modified_gmt":"2019-05-29T22:27:49","slug":"el-amor-y-sus-desamores","status":"publish","type":"page","link":"https:\/\/melvargas.com\/blog\/el-amor-y-sus-desamores\/","title":{"rendered":"El Amor Y Sus Desamores"},"content":{"rendered":"\n<p>Hay cosas que se demoran una vida entera en descubrir. Hay otras que descubrimos f\u00e1cilmente, pero siguen evolucionando con el paso del tiempo. <\/p>\n\n\n\n<p>Este libro es un sue\u00f1o hecho realidad, y uno de mis mayores tesoros. En \u00e9l encontrar\u00e1s mis primeros pasos en este hermoso talento y desbordada  pasi\u00f3n por escribir. Estos son como los primeros pasos de un bebe que deja de ser un reci\u00e9n nacido y comienza a dar muestras de quien es como persona. <\/p>\n\n\n\n<p>Estas paginas est\u00e1n llenas de car\u00e1cter y promesas de lo que est\u00e1 por venir. <\/p>\n\n\n\n<p>Espero lo disfrutes y que recuerdes que las espinas, al igual que los pelatos, son parte de la belleza de una flor. <\/p>\n\n\n\n<div data-embed=\"store\" class=\"wp-block-selz-store\"><script type=\"text\/props\">{\"action\":\"add-to-cart\",\"category\":\"5cef0728701f5d0ea859943c\",\"colors\":{\"buttons\":{\"background\":\"#0262fe\",\"text\":\"#fff\"},\"checkout\":{\"background\":\"#0262fe\",\"text\":\"#fff\"},\"links\":\"#0262fe\"},\"modal\":true,\"showCategories\":false,\"showPagination\":false,\"showSearch\":false,\"squareImages\":false,\"style\":\"price-right\",\"text\":\"Add to cart\",\"truncateTitles\":false,\"url\":\"http:\/\/melissavargas.selz.com\"}<\/script><\/div><script async src=\"https:\/\/embeds.selzstatic.com\/1\/loader.js\"><\/script><noscript><a href=\"http:\/\/melissavargas.selz.com\" target=\"_blank\" rel=\"noopener noreferrer\">Shop now<\/a><\/noscript>\n","protected":false},"excerpt":{"rendered":"<p>Hay cosas que se demoran una vida entera en descubrir. Hay otras que descubrimos f\u00e1cilmente, pero siguen evolucionando con el paso del tiempo. Este libro es un sue\u00f1o hecho realidad, y uno de mis mayores tesoros. En \u00e9l encontrar\u00e1s mis primeros pasos en este hermoso talento y desbordada pasi\u00f3n por escribir. Estos son como los [&hellip;]<\/p>\n","protected":false},"author":1,"featured_media":0,"parent":0,"menu_order":0,"comment_status":"closed","ping_status":"closed","template":"","meta":{"jetpack_post_was_ever_published":false,"footnotes":""},"class_list":["post-590","page","type-page","status-publish","hentry"],"yoast_head":"<!-- This site is optimized with the Yoast SEO plugin v25.2 - https:\/\/yoast.com\/wordpress\/plugins\/seo\/ -->\n<title>El Amor Y Sus Desamores &#8226; Mel&#039;s Blog<\/title>\n<meta name=\"robots\" content=\"index, follow, max-snippet:-1, max-image-preview:large, max-video-preview:-1\" \/>\n<link rel=\"canonical\" href=\"https:\/\/melvargas.com\/blog\/el-amor-y-sus-desamores\/\" \/>\n<meta property=\"og:locale\" content=\"en_US\" \/>\n<meta property=\"og:type\" content=\"article\" \/>\n<meta property=\"og:title\" content=\"El Amor Y Sus Desamores &#8226; Mel&#039;s Blog\" \/>\n<meta property=\"og:description\" content=\"Hay cosas que se demoran una vida entera en descubrir. Hay otras que descubrimos f\u00e1cilmente, pero siguen evolucionando con el paso del tiempo. Este libro es un sue\u00f1o hecho realidad, y uno de mis mayores tesoros. En \u00e9l encontrar\u00e1s mis primeros pasos en este hermoso talento y desbordada pasi\u00f3n por escribir. Estos son como los [&hellip;]\" \/>\n<meta property=\"og:url\" content=\"https:\/\/melvargas.com\/blog\/el-amor-y-sus-desamores\/\" \/>\n<meta property=\"og:site_name\" content=\"Mel&#039;s Blog\" \/>\n<meta property=\"article:modified_time\" content=\"2019-05-29T22:27:49+00:00\" \/>\n<meta name=\"twitter:card\" content=\"summary_large_image\" \/>\n<meta name=\"twitter:label1\" content=\"Est. reading time\" \/>\n\t<meta name=\"twitter:data1\" content=\"1 minute\" \/>\n<script type=\"application\/ld+json\" class=\"yoast-schema-graph\">{\"@context\":\"https:\/\/schema.org\",\"@graph\":[{\"@type\":\"WebPage\",\"@id\":\"https:\/\/melvargas.com\/blog\/el-amor-y-sus-desamores\/\",\"url\":\"https:\/\/melvargas.com\/blog\/el-amor-y-sus-desamores\/\",\"name\":\"El Amor Y Sus Desamores &#8226; Mel&#039;s Blog\",\"isPartOf\":{\"@id\":\"https:\/\/melvargas.com\/blog\/#website\"},\"datePublished\":\"2019-05-29T21:20:14+00:00\",\"dateModified\":\"2019-05-29T22:27:49+00:00\",\"breadcrumb\":{\"@id\":\"https:\/\/melvargas.com\/blog\/el-amor-y-sus-desamores\/#breadcrumb\"},\"inLanguage\":\"en-US\",\"potentialAction\":[{\"@type\":\"ReadAction\",\"target\":[\"https:\/\/melvargas.com\/blog\/el-amor-y-sus-desamores\/\"]}]},{\"@type\":\"BreadcrumbList\",\"@id\":\"https:\/\/melvargas.com\/blog\/el-amor-y-sus-desamores\/#breadcrumb\",\"itemListElement\":[{\"@type\":\"ListItem\",\"position\":1,\"name\":\"Home\",\"item\":\"https:\/\/melvargas.com\/blog\/\"},{\"@type\":\"ListItem\",\"position\":2,\"name\":\"El Amor Y Sus Desamores\"}]},{\"@type\":\"WebSite\",\"@id\":\"https:\/\/melvargas.com\/blog\/#website\",\"url\":\"https:\/\/melvargas.com\/blog\/\",\"name\":\"Mel Vargas Creative\",\"description\":\"Boldly personal, wildly social, cross cultural\",\"publisher\":{\"@id\":\"https:\/\/melvargas.com\/blog\/#\/schema\/person\/44b35b1f317d885de56ba23ce0bb0637\"},\"potentialAction\":[{\"@type\":\"SearchAction\",\"target\":{\"@type\":\"EntryPoint\",\"urlTemplate\":\"https:\/\/melvargas.com\/blog\/?s={search_term_string}\"},\"query-input\":{\"@type\":\"PropertyValueSpecification\",\"valueRequired\":true,\"valueName\":\"search_term_string\"}}],\"inLanguage\":\"en-US\"},{\"@type\":[\"Person\",\"Organization\"],\"@id\":\"https:\/\/melvargas.com\/blog\/#\/schema\/person\/44b35b1f317d885de56ba23ce0bb0637\",\"name\":\"admin\",\"image\":{\"@type\":\"ImageObject\",\"inLanguage\":\"en-US\",\"@id\":\"https:\/\/melvargas.com\/blog\/#\/schema\/person\/image\/\",\"url\":\"https:\/\/i0.wp.com\/melvargas.com\/blog\/wp-content\/uploads\/2023\/01\/mv-favicon.png?fit=1080%2C1080&ssl=1\",\"contentUrl\":\"https:\/\/i0.wp.com\/melvargas.com\/blog\/wp-content\/uploads\/2023\/01\/mv-favicon.png?fit=1080%2C1080&ssl=1\",\"width\":1080,\"height\":1080,\"caption\":\"admin\"},\"logo\":{\"@id\":\"https:\/\/melvargas.com\/blog\/#\/schema\/person\/image\/\"}}]}<\/script>\n<!-- \/ Yoast SEO plugin. -->","yoast_head_json":{"title":"El Amor Y Sus Desamores &#8226; Mel&#039;s Blog","robots":{"index":"index","follow":"follow","max-snippet":"max-snippet:-1","max-image-preview":"max-image-preview:large","max-video-preview":"max-video-preview:-1"},"canonical":"https:\/\/melvargas.com\/blog\/el-amor-y-sus-desamores\/","og_locale":"en_US","og_type":"article","og_title":"El Amor Y Sus Desamores &#8226; Mel&#039;s Blog","og_description":"Hay cosas que se demoran una vida entera en descubrir. Hay otras que descubrimos f\u00e1cilmente, pero siguen evolucionando con el paso del tiempo. Este libro es un sue\u00f1o hecho realidad, y uno de mis mayores tesoros. En \u00e9l encontrar\u00e1s mis primeros pasos en este hermoso talento y desbordada pasi\u00f3n por escribir. Estos son como los [&hellip;]","og_url":"https:\/\/melvargas.com\/blog\/el-amor-y-sus-desamores\/","og_site_name":"Mel&#039;s Blog","article_modified_time":"2019-05-29T22:27:49+00:00","twitter_card":"summary_large_image","twitter_misc":{"Est. reading time":"1 minute"},"schema":{"@context":"https:\/\/schema.org","@graph":[{"@type":"WebPage","@id":"https:\/\/melvargas.com\/blog\/el-amor-y-sus-desamores\/","url":"https:\/\/melvargas.com\/blog\/el-amor-y-sus-desamores\/","name":"El Amor Y Sus Desamores &#8226; Mel&#039;s Blog","isPartOf":{"@id":"https:\/\/melvargas.com\/blog\/#website"},"datePublished":"2019-05-29T21:20:14+00:00","dateModified":"2019-05-29T22:27:49+00:00","breadcrumb":{"@id":"https:\/\/melvargas.com\/blog\/el-amor-y-sus-desamores\/#breadcrumb"},"inLanguage":"en-US","potentialAction":[{"@type":"ReadAction","target":["https:\/\/melvargas.com\/blog\/el-amor-y-sus-desamores\/"]}]},{"@type":"BreadcrumbList","@id":"https:\/\/melvargas.com\/blog\/el-amor-y-sus-desamores\/#breadcrumb","itemListElement":[{"@type":"ListItem","position":1,"name":"Home","item":"https:\/\/melvargas.com\/blog\/"},{"@type":"ListItem","position":2,"name":"El Amor Y Sus Desamores"}]},{"@type":"WebSite","@id":"https:\/\/melvargas.com\/blog\/#website","url":"https:\/\/melvargas.com\/blog\/","name":"Mel Vargas Creative","description":"Boldly personal, wildly social, cross cultural","publisher":{"@id":"https:\/\/melvargas.com\/blog\/#\/schema\/person\/44b35b1f317d885de56ba23ce0bb0637"},"potentialAction":[{"@type":"SearchAction","target":{"@type":"EntryPoint","urlTemplate":"https:\/\/melvargas.com\/blog\/?s={search_term_string}"},"query-input":{"@type":"PropertyValueSpecification","valueRequired":true,"valueName":"search_term_string"}}],"inLanguage":"en-US"},{"@type":["Person","Organization"],"@id":"https:\/\/melvargas.com\/blog\/#\/schema\/person\/44b35b1f317d885de56ba23ce0bb0637","name":"admin","image":{"@type":"ImageObject","inLanguage":"en-US","@id":"https:\/\/melvargas.com\/blog\/#\/schema\/person\/image\/","url":"https:\/\/i0.wp.com\/melvargas.com\/blog\/wp-content\/uploads\/2023\/01\/mv-favicon.png?fit=1080%2C1080&ssl=1","contentUrl":"https:\/\/i0.wp.com\/melvargas.com\/blog\/wp-content\/uploads\/2023\/01\/mv-favicon.png?fit=1080%2C1080&ssl=1","width":1080,"height":1080,"caption":"admin"},"logo":{"@id":"https:\/\/melvargas.com\/blog\/#\/schema\/person\/image\/"}}]}},"jetpack_sharing_enabled":true,"jetpack_shortlink":"https:\/\/wp.me\/PbPCYz-9w","jetpack-related-posts":[],"_links":{"self":[{"href":"https:\/\/melvargas.com\/blog\/wp-json\/wp\/v2\/pages\/590","targetHints":{"allow":["GET"]}}],"collection":[{"href":"https:\/\/melvargas.com\/blog\/wp-json\/wp\/v2\/pages"}],"about":[{"href":"https:\/\/melvargas.com\/blog\/wp-json\/wp\/v2\/types\/page"}],"author":[{"embeddable":true,"href":"https:\/\/melvargas.com\/blog\/wp-json\/wp\/v2\/users\/1"}],"replies":[{"embeddable":true,"href":"https:\/\/melvargas.com\/blog\/wp-json\/wp\/v2\/comments?post=590"}],"version-history":[{"count":4,"href":"https:\/\/melvargas.com\/blog\/wp-json\/wp\/v2\/pages\/590\/revisions"}],"predecessor-version":[{"id":637,"href":"https:\/\/melvargas.com\/blog\/wp-json\/wp\/v2\/pages\/590\/revisions\/637"}],"wp:attachment":[{"href":"https:\/\/melvargas.com\/blog\/wp-json\/wp\/v2\/media?parent=590"}],"curies":[{"name":"wp","href":"https:\/\/api.w.org\/{rel}","templated":true}]}}